{"id":144,"date":"2017-12-09T15:58:12","date_gmt":"2017-12-09T14:58:12","guid":{"rendered":"http:\/\/wkldiana.pl\/index.php\/aktualnosci-2\/"},"modified":"2017-12-09T15:58:12","modified_gmt":"2017-12-09T14:58:12","slug":"aktualnosci-2","status":"publish","type":"page","link":"http:\/\/wkldiana.pl\/index.php\/aktualnosci-2\/","title":{"rendered":"Home"},"content":{"rendered":"<article class=\"art-post art-article\">\n<div class=\"art-postmetadataheader\">\n<h2 class=\"art-postheader\"><a href=\"#\">Wpis<\/a><br \/>\n                                        <\/h2>\n<\/p><\/div>\n<div class=\"art-postheadericons art-metadata-icons\">\n                    <span class=\"art-postdateicon\"><\/span><br \/>\n                     | <span class=\"art-postauthoricon\"> <a href=\"#\" title=\"Posts by Admin\">Admin<\/a><\/span><br \/>\n                     | <span class=\"art-postpdficon\"><\/span><br \/>\n                     | <span class=\"art-postprinticon\"><\/span><br \/>\n                     | <span class=\"art-postemailicon\"><\/span><br \/>\n                     | <span class=\"art-postediticon\"><\/span>\n                                    <\/div>\n<div class=\"art-postcontent art-postcontent-0 clearfix\" >\n<p><\/p>\n<\/p><\/div>\n<\/article>\n<article class=\"art-post art-article\">\n<div class=\"art-postmetadataheader\">\n<h2 class=\"art-postheader\"><a href=\"#\">Wpis<\/a><br \/>\n                                        <\/h2>\n<\/p><\/div>\n<div class=\"art-postheadericons art-metadata-icons\">\n                    <span class=\"art-postdateicon\"><\/span><br \/>\n                     | <span class=\"art-postauthoricon\"> <a href=\"#\" title=\"Posts by Admin\">Admin<\/a><\/span><br \/>\n                     | <span class=\"art-postpdficon\"><\/span><br \/>\n                     | <span class=\"art-postprinticon\"><\/span><br \/>\n                     | <span class=\"art-postemailicon\"><\/span><br \/>\n                     | <span class=\"art-postediticon\"><\/span>\n                                    <\/div>\n<div class=\"art-postcontent art-postcontent-1 clearfix\" >\n<div class=\"art-content-layout\">\n<div class=\"art-content-layout-row\">\n<div class=\"art-layout-cell layout-item-0\" style=\"width: 100%\">\n<div class=\"image-caption-wrapper\" style=\"float: left;\">\n<div class=\"image-caption-wrapper\" style=\"float: left; padding-top: 10px; padding-right: 10px; padding-bottom: 10px; padding-left: 10px;\">\n<p>Image by Flickr\/Esther Lee<\/p>\n<\/div>\n<\/div>\n<p><span style=\"font-weight: bold;\"><span style=\"font-style: italic;\">Velit vitae quam rutrum et fringilla donec porttitor elit adipiscing ac. Tellus pede non imperdiet nunc libero aenean libero felis nisl tellus ut in cras.<\/span><\/span><\/p>\n<p>Nunc sodales elementum mollis urna in praesent at ut. Magna curae sagittis mauris tincidunt venenatis orci. Ipsum praesent per. Auctor tincidunt quis phasellus erat aliquam iaculis euismod. Orci nisi et massa.<\/p>\n<\/div>\n<\/div>\n<\/div>\n<p><a href=\"#\">Read more&#8230;<\/a>\n                <\/div>\n<\/article>\n","protected":false},"excerpt":{"rendered":"<p>Wpis | Admin | | | | Wpis | Admin | | | | Image by Flickr\/Esther Lee Velit vitae quam rutrum et fringilla donec porttitor elit adipiscing ac. Tellus pede non imperdiet nunc libero aenean libero felis nisl tellus ut in cras. Nunc sodales elementum mollis urna in praesent at ut. Magna curae sagittis [&hellip;]<\/p>\n","protected":false},"author":1,"featured_media":0,"parent":0,"menu_order":1,"comment_status":"closed","ping_status":"closed","template":"","meta":{"ngg_post_thumbnail":0,"footnotes":""},"class_list":["post-144","page","type-page","status-publish","hentry"],"yoast_head":"<!-- This site is optimized with the Yoast SEO plugin v27.6 - https:\/\/yoast.com\/product\/yoast-seo-wordpress\/ -->\n<title>Home - Wojskowe Ko\u0142o \u0141owieckie nr 297 &quot;Diana&quot; w Gdyni<\/title>\n<meta name=\"robots\" content=\"index, follow, max-snippet:-1, max-image-preview:large, max-video-preview:-1\" \/>\n<link rel=\"canonical\" href=\"http:\/\/wkldiana.pl\/index.php\/aktualnosci-2\/\" \/>\n<meta property=\"og:locale\" content=\"pl_PL\" \/>\n<meta property=\"og:type\" content=\"article\" \/>\n<meta property=\"og:title\" content=\"Home - Wojskowe Ko\u0142o \u0141owieckie nr 297 &quot;Diana&quot; w Gdyni\" \/>\n<meta property=\"og:description\" content=\"Wpis | Admin | | | | Wpis | Admin | | | | Image by Flickr\/Esther Lee Velit vitae quam rutrum et fringilla donec porttitor elit adipiscing ac. Tellus pede non imperdiet nunc libero aenean libero felis nisl tellus ut in cras. Nunc sodales elementum mollis urna in praesent at ut. Magna curae sagittis [&hellip;]\" \/>\n<meta property=\"og:url\" content=\"http:\/\/wkldiana.pl\/index.php\/aktualnosci-2\/\" \/>\n<meta property=\"og:site_name\" content=\"Wojskowe Ko\u0142o \u0141owieckie nr 297 &quot;Diana&quot; w Gdyni\" \/>\n<meta name=\"twitter:card\" content=\"summary_large_image\" \/>\n<script type=\"application\/ld+json\" class=\"yoast-schema-graph\">{\"@context\":\"https:\\\/\\\/schema.org\",\"@graph\":[{\"@type\":\"WebPage\",\"@id\":\"http:\\\/\\\/wkldiana.pl\\\/index.php\\\/aktualnosci-2\\\/\",\"url\":\"http:\\\/\\\/wkldiana.pl\\\/index.php\\\/aktualnosci-2\\\/\",\"name\":\"Home - Wojskowe Ko\u0142o \u0141owieckie nr 297 &quot;Diana&quot; w Gdyni\",\"isPartOf\":{\"@id\":\"http:\\\/\\\/wkldiana.pl\\\/#website\"},\"datePublished\":\"2017-12-09T14:58:12+00:00\",\"breadcrumb\":{\"@id\":\"http:\\\/\\\/wkldiana.pl\\\/index.php\\\/aktualnosci-2\\\/#breadcrumb\"},\"inLanguage\":\"pl-PL\",\"potentialAction\":[{\"@type\":\"ReadAction\",\"target\":[\"http:\\\/\\\/wkldiana.pl\\\/index.php\\\/aktualnosci-2\\\/\"]}]},{\"@type\":\"BreadcrumbList\",\"@id\":\"http:\\\/\\\/wkldiana.pl\\\/index.php\\\/aktualnosci-2\\\/#breadcrumb\",\"itemListElement\":[{\"@type\":\"ListItem\",\"position\":1,\"name\":\"Strona g\u0142\u00f3wna\",\"item\":\"http:\\\/\\\/wkldiana.pl\\\/\"},{\"@type\":\"ListItem\",\"position\":2,\"name\":\"Home\"}]},{\"@type\":\"WebSite\",\"@id\":\"http:\\\/\\\/wkldiana.pl\\\/#website\",\"url\":\"http:\\\/\\\/wkldiana.pl\\\/\",\"name\":\"Wojskowe Ko\u0142o \u0141owieckie nr 297 &quot;Diana&quot; w Gdyni\",\"description\":\"WK\u0141 nr 297 &quot;Diana&quot; w Gdyni\",\"potentialAction\":[{\"@type\":\"SearchAction\",\"target\":{\"@type\":\"EntryPoint\",\"urlTemplate\":\"http:\\\/\\\/wkldiana.pl\\\/?s={search_term_string}\"},\"query-input\":{\"@type\":\"PropertyValueSpecification\",\"valueRequired\":true,\"valueName\":\"search_term_string\"}}],\"inLanguage\":\"pl-PL\"}]}<\/script>\n<!-- \/ Yoast SEO plugin. -->","yoast_head_json":{"title":"Home - Wojskowe Ko\u0142o \u0141owieckie nr 297 &quot;Diana&quot; w Gdyni","robots":{"index":"index","follow":"follow","max-snippet":"max-snippet:-1","max-image-preview":"max-image-preview:large","max-video-preview":"max-video-preview:-1"},"canonical":"http:\/\/wkldiana.pl\/index.php\/aktualnosci-2\/","og_locale":"pl_PL","og_type":"article","og_title":"Home - Wojskowe Ko\u0142o \u0141owieckie nr 297 &quot;Diana&quot; w Gdyni","og_description":"Wpis | Admin | | | | Wpis | Admin | | | | Image by Flickr\/Esther Lee Velit vitae quam rutrum et fringilla donec porttitor elit adipiscing ac. Tellus pede non imperdiet nunc libero aenean libero felis nisl tellus ut in cras. Nunc sodales elementum mollis urna in praesent at ut. Magna curae sagittis [&hellip;]","og_url":"http:\/\/wkldiana.pl\/index.php\/aktualnosci-2\/","og_site_name":"Wojskowe Ko\u0142o \u0141owieckie nr 297 &quot;Diana&quot; w Gdyni","twitter_card":"summary_large_image","schema":{"@context":"https:\/\/schema.org","@graph":[{"@type":"WebPage","@id":"http:\/\/wkldiana.pl\/index.php\/aktualnosci-2\/","url":"http:\/\/wkldiana.pl\/index.php\/aktualnosci-2\/","name":"Home - Wojskowe Ko\u0142o \u0141owieckie nr 297 &quot;Diana&quot; w Gdyni","isPartOf":{"@id":"http:\/\/wkldiana.pl\/#website"},"datePublished":"2017-12-09T14:58:12+00:00","breadcrumb":{"@id":"http:\/\/wkldiana.pl\/index.php\/aktualnosci-2\/#breadcrumb"},"inLanguage":"pl-PL","potentialAction":[{"@type":"ReadAction","target":["http:\/\/wkldiana.pl\/index.php\/aktualnosci-2\/"]}]},{"@type":"BreadcrumbList","@id":"http:\/\/wkldiana.pl\/index.php\/aktualnosci-2\/#breadcrumb","itemListElement":[{"@type":"ListItem","position":1,"name":"Strona g\u0142\u00f3wna","item":"http:\/\/wkldiana.pl\/"},{"@type":"ListItem","position":2,"name":"Home"}]},{"@type":"WebSite","@id":"http:\/\/wkldiana.pl\/#website","url":"http:\/\/wkldiana.pl\/","name":"Wojskowe Ko\u0142o \u0141owieckie nr 297 &quot;Diana&quot; w Gdyni","description":"WK\u0141 nr 297 &quot;Diana&quot; w Gdyni","potentialAction":[{"@type":"SearchAction","target":{"@type":"EntryPoint","urlTemplate":"http:\/\/wkldiana.pl\/?s={search_term_string}"},"query-input":{"@type":"PropertyValueSpecification","valueRequired":true,"valueName":"search_term_string"}}],"inLanguage":"pl-PL"}]}},"_links":{"self":[{"href":"http:\/\/wkldiana.pl\/index.php\/wp-json\/wp\/v2\/pages\/144","targetHints":{"allow":["GET"]}}],"collection":[{"href":"http:\/\/wkldiana.pl\/index.php\/wp-json\/wp\/v2\/pages"}],"about":[{"href":"http:\/\/wkldiana.pl\/index.php\/wp-json\/wp\/v2\/types\/page"}],"author":[{"embeddable":true,"href":"http:\/\/wkldiana.pl\/index.php\/wp-json\/wp\/v2\/users\/1"}],"replies":[{"embeddable":true,"href":"http:\/\/wkldiana.pl\/index.php\/wp-json\/wp\/v2\/comments?post=144"}],"version-history":[{"count":0,"href":"http:\/\/wkldiana.pl\/index.php\/wp-json\/wp\/v2\/pages\/144\/revisions"}],"wp:attachment":[{"href":"http:\/\/wkldiana.pl\/index.php\/wp-json\/wp\/v2\/media?parent=144"}],"curies":[{"name":"wp","href":"https:\/\/api.w.org\/{rel}","templated":true}]}}