{"id":145,"date":"2017-12-09T15:58:13","date_gmt":"2017-12-09T14:58:13","guid":{"rendered":"http:\/\/wkldiana.pl\/index.php\/historia\/"},"modified":"2017-12-14T19:20:49","modified_gmt":"2017-12-14T18:20:49","slug":"historia","status":"publish","type":"page","link":"http:\/\/wkldiana.pl\/index.php\/historia\/","title":{"rendered":"Historia"},"content":{"rendered":"<p><span style=\"color: #251b0e; font-family: Arial, 'Arial Unicode MS', Helvetica, sans-serif; font-size: 13px; font-weight: 400; letter-spacing: normal; background-color: rgba(246, 242, 233, 0.199219);\">Wojskowe Ko\u0142o \u0141owieckie Nr 297 zosta\u0142o za\u0142o\u017cone jesieni\u0105 1955r. przy 17 Batalionie Szkolnym Obrony Wybrze\u017ca w Gda\u0144sku Oliwie ul. Polanki. Prezesem zosta\u0142 D-ca Batalionu kpt. Krasucki Leon, \u0141owczym sier\u017c. Stanis\u0142aw Domaga\u0142a, Sekretarzem kpt. Ka\u0142u\u017cy\u0144ski.<\/span><br style=\"color: #251b0e; font-family: Arial, 'Arial Unicode MS', Helvetica, sans-serif; font-size: 13px; font-weight: 400; letter-spacing: normal; background-color: rgba(246, 242, 233, 0.199219);\"><span style=\"color: #251b0e; font-family: Arial, 'Arial Unicode MS', Helvetica, sans-serif; font-size: 13px; font-weight: 400; letter-spacing: normal; background-color: rgba(246, 242, 233, 0.199219);\">Ko\u0142o wydzier\u017cawi\u0142o dwa obwody: le\u015bny \u201eWie\u017cyca\u201d nr 124 i polno-le\u015bny \u201eSiekierzyno\u201d nr 125. Oba obwody \u0142\u0105czy\u0142y si\u0119 ze sob\u0105, w granicach: Egiertowo \u2013 Grabowo \u2013 K\u0142obuczyno \u2013Ko\u015bcierzyna \u2013 Sk\u00f3rzewo \u2013 St\u0119\u017cyca \u2013 Go\u0142ubie \u2013 Stawki \u2013 Egiertowo a ich \u0142\u0105czna powierzchnia to 5500 ha.<\/span><br style=\"color: #251b0e; font-family: Arial, 'Arial Unicode MS', Helvetica, sans-serif; font-size: 13px; font-weight: 400; letter-spacing: normal; background-color: rgba(246, 242, 233, 0.199219);\"><span style=\"color: #251b0e; font-family: Arial, 'Arial Unicode MS', Helvetica, sans-serif; font-size: 13px; font-weight: 400; letter-spacing: normal; background-color: rgba(246, 242, 233, 0.199219);\">W 1958r. rozwi\u0105zany zosta\u0142 17 Batalion, a ko\u0142o do czasu powo\u0142ania nowej jednostki wojskowej po\u0142\u0105czy\u0142o si\u0119 z WK\u0141 209 w Gda\u0144sku przy ul. S\u0142owackiego zatrzymuj\u0105c numer ko\u0142a i prowadz\u0105c oddzieln\u0105 gospodark\u0119. W tym czasie Prezesem By\u0142 kmdr Sowa.<\/span><br style=\"color: #251b0e; font-family: Arial, 'Arial Unicode MS', Helvetica, sans-serif; font-size: 13px; font-weight: 400; letter-spacing: normal; background-color: rgba(246, 242, 233, 0.199219);\"><span style=\"color: #251b0e; font-family: Arial, 'Arial Unicode MS', Helvetica, sans-serif; font-size: 13px; font-weight: 400; letter-spacing: normal; background-color: rgba(246, 242, 233, 0.199219);\">Zgodnie z Zarz\u0105dzeniem MON o tworzeniu Garnizonowych Wojskowych K\u00f3\u0142 \u0141owieckich, jak i ze wzgl\u0119d\u00f3w gospodarczych w 1961r. WK\u0141 209 zosta\u0142o Ko\u0142em Garnizonowym w Gda\u0144sku, a WK\u0141 297 przesz\u0142o do 7 Szpitala Marynarki Wojennej w Gda\u0144sku \u2013 Oliwie. Cz\u0142onkowie dobrowolnie deklarowali swoj\u0105 przynale\u017cno\u015b\u0107 do jednego z k\u00f3\u0142. WK\u0141 297 zatrzyma\u0142o dotychczasowe obwody \u0142owieckie. Po wyborach Prezesem zosta\u0142 kmdr Ostachowicz Mieczys\u0142aw, \u0141owczym kmdr Baczewski Witold, Sekretarzem Mazgajczyk Stanis\u0142aw, a Skarbnikiem kmdr Maciuszonek Adam. W tym okresie ko\u0142o zrzesza\u0142o 11: pi\u0119ciu z teren\u00f3w obwod\u00f3w \u0142owieckich i sze\u015bciu z po\u015br\u00f3d personelu 7 Szpitala Mar &#8211; Woj.<\/span><br style=\"color: #251b0e; font-family: Arial, 'Arial Unicode MS', Helvetica, sans-serif; font-size: 13px; font-weight: 400; letter-spacing: normal; background-color: rgba(246, 242, 233, 0.199219);\"><span style=\"color: #251b0e; font-family: Arial, 'Arial Unicode MS', Helvetica, sans-serif; font-size: 13px; font-weight: 400; letter-spacing: normal; background-color: rgba(246, 242, 233, 0.199219);\">W roku 1962 ze wzgl\u0119d\u00f3w finansowych (150 z\u0142 w kasie ko\u0142a) oraz ma\u0142\u0105 liczebno\u015b\u0107 cz\u0142onk\u00f3w siedzib\u0119 ko\u0142a przeniesiono do Brygady OPL Gdynia \u2013 Grab\u00f3wek. W czasie walnego Zebrania wybrano nowy Zarz\u0105d. Prezesem Ko\u0142a wybrany zosta\u0142 p\u0142k. Dobrski Stanis\u0142aw, \u0141owczym mjr Malec Piotr, Skarbnikiem Adam Maciouszek, Sekretarzem kmdr Mazgajczyk Stanis\u0142aw. W tym okresie ko\u0142a wojskowe mog\u0142y dzier\u017cawi\u0107 obwody przy nowo powsta\u0142ych jednostkach wojskowych. Ko\u0142o 297 zmuszone jednak zosta\u0142o do oddania bardzo dobrych obwod\u00f3w nr 124 i nr 125, a w zamian otrzyma\u0142o w dzier\u017caw\u0119 obw\u00f3d nr 187. Zawiera\u0142 si\u0119 on w granicach: G\u0142azica \u2013 Przetoczyno \u2013 Sopieszyno \u2013 Gowino \u2013 Luzino \u2013 Wyszecino \u2013 Sma\u017cyno \u2013 C\u0119stkowo \u2013 G\u0142azica oraz drugi obw\u00f3d nad Zatok\u0105 Puck\u0105 o granicach: Puck \u2013 Po\u0142czyno \u2013 Celbowo \u2013 \u017belistrzewo \u2013 Smolno \u2013 Mrzezino do rzeki Redy i dalej Red\u0105 do uj\u015bcia do Zatoki Puckiej.<\/span><br style=\"color: #251b0e; font-family: Arial, 'Arial Unicode MS', Helvetica, sans-serif; font-size: 13px; font-weight: 400; letter-spacing: normal; background-color: rgba(246, 242, 233, 0.199219);\"><span style=\"color: #251b0e; font-family: Arial, 'Arial Unicode MS', Helvetica, sans-serif; font-size: 13px; font-weight: 400; letter-spacing: normal; background-color: rgba(246, 242, 233, 0.199219);\">W okresie przejmowania organizacji zarz\u0105dzania gospodark\u0105 \u0142owieck\u0105 przez Polski Zwi\u0105zek \u0141owiecki od Las\u00f3w Pa\u0144stwowych ko\u0142o utraci\u0142o cz\u0119\u015b\u0107 obwodu \u0142owieckiego nr 187, a pozostaj\u0105cy obw\u00f3d otrzyma\u0142 nr 29. Jego granice to: G\u0142azica \u2013 Cz\u0119stkowo \u2013 Milwino \u2013 Gowino \u2013 Sopieszyno \u2013 Przetoczyno \u2013 G\u0142azica, a powierzchnia zmala\u0142a do 3330 ha. Do ko\u0142a skierowano te\u017c sze\u015bciu my\u015bliwych z Portu Wojennego w Helu. W zamian za odebran\u0105 cz\u0119\u015b\u0107 obwodu i przydzielonych nowych cz\u0142onk\u00f3w, WK\u0141 297 otrzyma\u0142 w dzier\u017caw\u0119 obw\u00f3d \u0142owiecki nr 6 \u201eK\u0105ty Rybackie\u201d o powierzchni 5100 ha. By\u0142 to typowy obw\u00f3d wodny o granicach: Przebrno \u2013 Latarnia Morska na Zalewie Wi\u015blanym \u2013 uj\u015bcie Nogatu \u2013 wa\u0142em do K\u0105t\u00f3w rybackich i dalej brzegiem do Przebrna.<\/span><br style=\"color: #251b0e; font-family: Arial, 'Arial Unicode MS', Helvetica, sans-serif; font-size: 13px; font-weight: 400; letter-spacing: normal; background-color: rgba(246, 242, 233, 0.199219);\"><span style=\"color: #251b0e; font-family: Arial, 'Arial Unicode MS', Helvetica, sans-serif; font-size: 13px; font-weight: 400; letter-spacing: normal; background-color: rgba(246, 242, 233, 0.199219);\">Obw\u00f3d przy Zatoce Puckiej otrzyma\u0142 nr 14 i pozosta\u0142 w tych samych granicach o powierzchni 3610 ha.<\/span><br style=\"color: #251b0e; font-family: Arial, 'Arial Unicode MS', Helvetica, sans-serif; font-size: 13px; font-weight: 400; letter-spacing: normal; background-color: rgba(246, 242, 233, 0.199219);\"><span style=\"color: #251b0e; font-family: Arial, 'Arial Unicode MS', Helvetica, sans-serif; font-size: 13px; font-weight: 400; letter-spacing: normal; background-color: rgba(246, 242, 233, 0.199219);\">W roku 1976 ze wzgl\u0119d\u00f3w s\u0142u\u017cbowych i gospodarczych siedzib\u0119 ko\u0142a przeniesiono do JW. 3651 Gdynia &#8211; Babie Do\u0142y. By\u0142a to Jednostka Lotnictwa My\u015bliwskiego. Wybrano nowy Zarz\u0105d w sk\u0142adzie: Prezes p\u0142k. Dobrski Stanis\u0142aw, \u0141owczy mjr Malec Piotr, Skarbnik kmdr Maciuszonek Adam, Sekretarz mjr Chwazik Kazimierz.<\/span><br style=\"color: #251b0e; font-family: Arial, 'Arial Unicode MS', Helvetica, sans-serif; font-size: 13px; font-weight: 400; letter-spacing: normal; background-color: rgba(246, 242, 233, 0.199219);\"><span style=\"color: #251b0e; font-family: Arial, 'Arial Unicode MS', Helvetica, sans-serif; font-size: 13px; font-weight: 400; letter-spacing: normal; background-color: rgba(246, 242, 233, 0.199219);\">W dniu 22.09 1985r. na Walnym Zebraniu podj\u0119to uchwa\u0142\u0119 o nadaniu ko\u0142u nazwy. Obecne pe\u0142ne jej brzmienie to: WK\u0141 297 \u201eDIANA\u201d GDYNIA.<\/span><br style=\"color: #251b0e; font-family: Arial, 'Arial Unicode MS', Helvetica, sans-serif; font-size: 13px; font-weight: 400; letter-spacing: normal; background-color: rgba(246, 242, 233, 0.199219);\"><span style=\"color: #251b0e; font-family: Arial, 'Arial Unicode MS', Helvetica, sans-serif; font-size: 13px; font-weight: 400; letter-spacing: normal; background-color: rgba(246, 242, 233, 0.199219);\">W roku 1995 w trakcie odnawiania dzier\u017caw obwod\u00f3w \u0142owieckich na skutek niezgodnych z procedur\u0105 post\u0119powa\u0144, g\u0142\u00f3wnie przez Zarz\u0105d Wojew\u00f3dzki w Elbl\u0105gu, dotycz\u0105cych wydzier\u017cawiania obwod\u00f3w, ko\u0142o utraci\u0142o obw\u00f3d \u0142owiecki nr 6. Jest to przyk\u0142ad samowoli os\u00f3b funkcyjnych na stanowiskach ZW PZ\u0141 i bezsilno\u015bci w utrzymaniu praworz\u0105dno\u015bci przez Zarz\u0105d G\u0142\u00f3wny PZ\u0141.<\/span><br style=\"color: #251b0e; font-family: Arial, 'Arial Unicode MS', Helvetica, sans-serif; font-size: 13px; font-weight: 400; letter-spacing: normal; background-color: rgba(246, 242, 233, 0.199219);\"><span style=\"color: #251b0e; font-family: Arial, 'Arial Unicode MS', Helvetica, sans-serif; font-size: 13px; font-weight: 400; letter-spacing: normal; background-color: rgba(246, 242, 233, 0.199219);\">Obecnie ko\u0142o dzier\u017cawi dwa obwody o \u0142\u0105cznej powierzchni 6940 ha, zrzesza oko\u0142o 50 my\u015bliwych, kt\u00f3rzy s\u0105 \u015bwi\u0119cie przekonani, \u017ce przy odnowie tenuty dzier\u017cawnej obwod\u00f3w \u0142owieckich w 2005r. Polski Zwi\u0105zek \u0141owiecki naprawi sw\u00f3j b\u0142\u0105d z 1995 roku i obw\u00f3d \u0142owiecki nr 6 wr\u00f3ci do prawowitego dzier\u017cawcy t.j. WK\u0141 297 \u201eDIANA\u201d GDYNIA.<\/span><\/p>\nngg_shortcode_0_placeholder\n","protected":false},"excerpt":{"rendered":"<p>Wojskowe Ko\u0142o \u0141owieckie Nr 297 zosta\u0142o za\u0142o\u017cone jesieni\u0105 1955r. przy 17 Batalionie Szkolnym Obrony Wybrze\u017ca w Gda\u0144sku Oliwie ul. Polanki. Prezesem zosta\u0142 D-ca Batalionu kpt. Krasucki Leon, \u0141owczym sier\u017c. Stanis\u0142aw Domaga\u0142a, Sekretarzem kpt. Ka\u0142u\u017cy\u0144ski.Ko\u0142o wydzier\u017cawi\u0142o dwa obwody: le\u015bny \u201eWie\u017cyca\u201d nr 124 i polno-le\u015bny \u201eSiekierzyno\u201d nr 125. Oba obwody \u0142\u0105czy\u0142y si\u0119 ze sob\u0105, w granicach: Egiertowo [&hellip;]<\/p>\n","protected":false},"author":1,"featured_media":0,"parent":0,"menu_order":2,"comment_status":"closed","ping_status":"closed","template":"","meta":{"ngg_post_thumbnail":0,"footnotes":""},"class_list":["post-145","page","type-page","status-publish","hentry"],"yoast_head":"<!-- This site is optimized with the Yoast SEO plugin v27.4 - https:\/\/yoast.com\/product\/yoast-seo-wordpress\/ -->\n<title>Historia - Wojskowe Ko\u0142o \u0141owieckie nr 297 &quot;Diana&quot; w Gdyni<\/title>\n<meta name=\"robots\" content=\"index, follow, max-snippet:-1, max-image-preview:large, max-video-preview:-1\" \/>\n<link rel=\"canonical\" href=\"https:\/\/wkldiana.pl\/index.php\/historia\/\" \/>\n<meta property=\"og:locale\" content=\"pl_PL\" \/>\n<meta property=\"og:type\" content=\"article\" \/>\n<meta property=\"og:title\" content=\"Historia - Wojskowe Ko\u0142o \u0141owieckie nr 297 &quot;Diana&quot; w Gdyni\" \/>\n<meta property=\"og:description\" content=\"Wojskowe Ko\u0142o \u0141owieckie Nr 297 zosta\u0142o za\u0142o\u017cone jesieni\u0105 1955r. przy 17 Batalionie Szkolnym Obrony Wybrze\u017ca w Gda\u0144sku Oliwie ul. Polanki. Prezesem zosta\u0142 D-ca Batalionu kpt. Krasucki Leon, \u0141owczym sier\u017c. Stanis\u0142aw Domaga\u0142a, Sekretarzem kpt. Ka\u0142u\u017cy\u0144ski.Ko\u0142o wydzier\u017cawi\u0142o dwa obwody: le\u015bny \u201eWie\u017cyca\u201d nr 124 i polno-le\u015bny \u201eSiekierzyno\u201d nr 125. Oba obwody \u0142\u0105czy\u0142y si\u0119 ze sob\u0105, w granicach: Egiertowo [&hellip;]\" \/>\n<meta property=\"og:url\" content=\"https:\/\/wkldiana.pl\/index.php\/historia\/\" \/>\n<meta property=\"og:site_name\" content=\"Wojskowe Ko\u0142o \u0141owieckie nr 297 &quot;Diana&quot; w Gdyni\" \/>\n<meta property=\"article:modified_time\" content=\"2017-12-14T18:20:49+00:00\" \/>\n<meta name=\"twitter:card\" content=\"summary_large_image\" \/>\n<meta name=\"twitter:label1\" content=\"Szacowany czas czytania\" \/>\n\t<meta name=\"twitter:data1\" content=\"4 minuty\" \/>\n<script type=\"application\/ld+json\" class=\"yoast-schema-graph\">{\"@context\":\"https:\\\/\\\/schema.org\",\"@graph\":[{\"@type\":\"WebPage\",\"@id\":\"https:\\\/\\\/wkldiana.pl\\\/index.php\\\/historia\\\/\",\"url\":\"https:\\\/\\\/wkldiana.pl\\\/index.php\\\/historia\\\/\",\"name\":\"Historia - Wojskowe Ko\u0142o \u0141owieckie nr 297 &quot;Diana&quot; w Gdyni\",\"isPartOf\":{\"@id\":\"https:\\\/\\\/wkldiana.pl\\\/#website\"},\"datePublished\":\"2017-12-09T14:58:13+00:00\",\"dateModified\":\"2017-12-14T18:20:49+00:00\",\"breadcrumb\":{\"@id\":\"https:\\\/\\\/wkldiana.pl\\\/index.php\\\/historia\\\/#breadcrumb\"},\"inLanguage\":\"pl-PL\",\"potentialAction\":[{\"@type\":\"ReadAction\",\"target\":[\"https:\\\/\\\/wkldiana.pl\\\/index.php\\\/historia\\\/\"]}]},{\"@type\":\"BreadcrumbList\",\"@id\":\"https:\\\/\\\/wkldiana.pl\\\/index.php\\\/historia\\\/#breadcrumb\",\"itemListElement\":[{\"@type\":\"ListItem\",\"position\":1,\"name\":\"Strona g\u0142\u00f3wna\",\"item\":\"https:\\\/\\\/wkldiana.pl\\\/\"},{\"@type\":\"ListItem\",\"position\":2,\"name\":\"Historia\"}]},{\"@type\":\"WebSite\",\"@id\":\"https:\\\/\\\/wkldiana.pl\\\/#website\",\"url\":\"https:\\\/\\\/wkldiana.pl\\\/\",\"name\":\"Wojskowe Ko\u0142o \u0141owieckie nr 297 &quot;Diana&quot; w Gdyni\",\"description\":\"WK\u0141 nr 297 &quot;Diana&quot; w Gdyni\",\"potentialAction\":[{\"@type\":\"SearchAction\",\"target\":{\"@type\":\"EntryPoint\",\"urlTemplate\":\"https:\\\/\\\/wkldiana.pl\\\/?s={search_term_string}\"},\"query-input\":{\"@type\":\"PropertyValueSpecification\",\"valueRequired\":true,\"valueName\":\"search_term_string\"}}],\"inLanguage\":\"pl-PL\"}]}<\/script>\n<!-- \/ Yoast SEO plugin. -->","yoast_head_json":{"title":"Historia - Wojskowe Ko\u0142o \u0141owieckie nr 297 &quot;Diana&quot; w Gdyni","robots":{"index":"index","follow":"follow","max-snippet":"max-snippet:-1","max-image-preview":"max-image-preview:large","max-video-preview":"max-video-preview:-1"},"canonical":"https:\/\/wkldiana.pl\/index.php\/historia\/","og_locale":"pl_PL","og_type":"article","og_title":"Historia - Wojskowe Ko\u0142o \u0141owieckie nr 297 &quot;Diana&quot; w Gdyni","og_description":"Wojskowe Ko\u0142o \u0141owieckie Nr 297 zosta\u0142o za\u0142o\u017cone jesieni\u0105 1955r. przy 17 Batalionie Szkolnym Obrony Wybrze\u017ca w Gda\u0144sku Oliwie ul. Polanki. Prezesem zosta\u0142 D-ca Batalionu kpt. Krasucki Leon, \u0141owczym sier\u017c. Stanis\u0142aw Domaga\u0142a, Sekretarzem kpt. Ka\u0142u\u017cy\u0144ski.Ko\u0142o wydzier\u017cawi\u0142o dwa obwody: le\u015bny \u201eWie\u017cyca\u201d nr 124 i polno-le\u015bny \u201eSiekierzyno\u201d nr 125. Oba obwody \u0142\u0105czy\u0142y si\u0119 ze sob\u0105, w granicach: Egiertowo [&hellip;]","og_url":"https:\/\/wkldiana.pl\/index.php\/historia\/","og_site_name":"Wojskowe Ko\u0142o \u0141owieckie nr 297 &quot;Diana&quot; w Gdyni","article_modified_time":"2017-12-14T18:20:49+00:00","twitter_card":"summary_large_image","twitter_misc":{"Szacowany czas czytania":"4 minuty"},"schema":{"@context":"https:\/\/schema.org","@graph":[{"@type":"WebPage","@id":"https:\/\/wkldiana.pl\/index.php\/historia\/","url":"https:\/\/wkldiana.pl\/index.php\/historia\/","name":"Historia - Wojskowe Ko\u0142o \u0141owieckie nr 297 &quot;Diana&quot; w Gdyni","isPartOf":{"@id":"https:\/\/wkldiana.pl\/#website"},"datePublished":"2017-12-09T14:58:13+00:00","dateModified":"2017-12-14T18:20:49+00:00","breadcrumb":{"@id":"https:\/\/wkldiana.pl\/index.php\/historia\/#breadcrumb"},"inLanguage":"pl-PL","potentialAction":[{"@type":"ReadAction","target":["https:\/\/wkldiana.pl\/index.php\/historia\/"]}]},{"@type":"BreadcrumbList","@id":"https:\/\/wkldiana.pl\/index.php\/historia\/#breadcrumb","itemListElement":[{"@type":"ListItem","position":1,"name":"Strona g\u0142\u00f3wna","item":"https:\/\/wkldiana.pl\/"},{"@type":"ListItem","position":2,"name":"Historia"}]},{"@type":"WebSite","@id":"https:\/\/wkldiana.pl\/#website","url":"https:\/\/wkldiana.pl\/","name":"Wojskowe Ko\u0142o \u0141owieckie nr 297 &quot;Diana&quot; w Gdyni","description":"WK\u0141 nr 297 &quot;Diana&quot; w Gdyni","potentialAction":[{"@type":"SearchAction","target":{"@type":"EntryPoint","urlTemplate":"https:\/\/wkldiana.pl\/?s={search_term_string}"},"query-input":{"@type":"PropertyValueSpecification","valueRequired":true,"valueName":"search_term_string"}}],"inLanguage":"pl-PL"}]}},"_links":{"self":[{"href":"http:\/\/wkldiana.pl\/index.php\/wp-json\/wp\/v2\/pages\/145","targetHints":{"allow":["GET"]}}],"collection":[{"href":"http:\/\/wkldiana.pl\/index.php\/wp-json\/wp\/v2\/pages"}],"about":[{"href":"http:\/\/wkldiana.pl\/index.php\/wp-json\/wp\/v2\/types\/page"}],"author":[{"embeddable":true,"href":"http:\/\/wkldiana.pl\/index.php\/wp-json\/wp\/v2\/users\/1"}],"replies":[{"embeddable":true,"href":"http:\/\/wkldiana.pl\/index.php\/wp-json\/wp\/v2\/comments?post=145"}],"version-history":[{"count":2,"href":"http:\/\/wkldiana.pl\/index.php\/wp-json\/wp\/v2\/pages\/145\/revisions"}],"predecessor-version":[{"id":919,"href":"http:\/\/wkldiana.pl\/index.php\/wp-json\/wp\/v2\/pages\/145\/revisions\/919"}],"wp:attachment":[{"href":"http:\/\/wkldiana.pl\/index.php\/wp-json\/wp\/v2\/media?parent=145"}],"curies":[{"name":"wp","href":"https:\/\/api.w.org\/{rel}","templated":true}]}}