{"id":16,"date":"2017-12-09T14:42:31","date_gmt":"2017-12-09T13:42:31","guid":{"rendered":"http:\/\/wkldiana.pl\/index.php\/kalendarz\/"},"modified":"2017-12-09T20:25:00","modified_gmt":"2017-12-09T19:25:00","slug":"kalendarz","status":"publish","type":"page","link":"http:\/\/wkldiana.pl\/index.php\/kalendarz\/","title":{"rendered":"Kalendarz"},"content":{"rendered":"<p style=\"text-align: center;\"><b>Sezon \u0142owiecki 2017 \/ 2018<\/b><\/p>\n<p style=\"text-align: center;\"><b>Okresy polowa\u0144 z uwzgl\u0119dnieniem sob\u00f3t, niedziel i \u015bwi\u0105t<\/b><\/p>\n<p style=\"text-align: center;\"><b>po zmianach z 1 sierpnia 2017<\/b><\/p>\n<table class=\" aligncenter\" style=\"margin-left: 150px;\" width=\"516.0\" cellspacing=\"0\" cellpadding=\"0\">\n<tbody>\n<tr>\n<td style=\"width: 253.90625px; text-align: left;\" valign=\"middle\">\u0141osie (obj\u0119te ochron\u0105)<\/td>\n<td style=\"width: 200.84375px;\" valign=\"middle\">byki, kl\u0119py, \u0142oszaki<\/td>\n<td style=\"width: 55.28125px;\" valign=\"middle\">&#8211;&nbsp;&nbsp;&nbsp;&nbsp;&#8211;&nbsp;&nbsp;&nbsp;&nbsp;&#8211;&nbsp;&nbsp;&nbsp;<\/td>\n<\/tr>\n<tr>\n<td style=\"width: 253.90625px;\" rowspan=\"3\" valign=\"middle\">Jelenie szlachetne<\/td>\n<td style=\"width: 200.84375px;\" valign=\"middle\">byki<\/td>\n<td style=\"width: 55.28125px;\" valign=\"middle\">19.08 &#8211; 28.02<\/td>\n<\/tr>\n<tr>\n<td style=\"width: 200.84375px;\" valign=\"middle\">\u0142anie<\/td>\n<td style=\"width: 55.28125px;\" valign=\"middle\">01.09 &#8211; 15.01<\/td>\n<\/tr>\n<tr>\n<td style=\"width: 200.84375px;\" valign=\"middle\">ciel\u0119ta<\/td>\n<td style=\"width: 55.28125px;\" valign=\"middle\">01.09 &#8211; 28.02<\/td>\n<\/tr>\n<tr>\n<td style=\"width: 253.90625px;\" valign=\"middle\">Jelenie sika<\/td>\n<td style=\"width: 200.84375px;\" valign=\"middle\">byki, \u0142anie, ciel\u0119ta<\/td>\n<td style=\"width: 55.28125px;\" valign=\"middle\">30.09 &#8211; 15.01<\/td>\n<\/tr>\n<tr>\n<td style=\"width: 253.90625px;\" rowspan=\"3\" valign=\"middle\">Daniele<\/td>\n<td style=\"width: 200.84375px;\" valign=\"middle\">byki<\/td>\n<td style=\"width: 55.28125px;\" valign=\"middle\">01.09 &#8211; 28.02<\/td>\n<\/tr>\n<tr>\n<td style=\"width: 200.84375px;\" valign=\"middle\">\u0142anie<\/td>\n<td style=\"width: 55.28125px;\" valign=\"middle\">01.09 &#8211; 15.01<\/td>\n<\/tr>\n<tr>\n<td style=\"width: 200.84375px;\" valign=\"middle\">ciel\u0119ta<\/td>\n<td style=\"width: 55.28125px;\" valign=\"middle\">01.09 &#8211; 28.02<\/td>\n<\/tr>\n<tr>\n<td style=\"width: 253.90625px;\" rowspan=\"2\" valign=\"middle\">Sarny<\/td>\n<td style=\"width: 200.84375px;\" valign=\"middle\">koz\u0142y<\/td>\n<td style=\"width: 55.28125px;\" valign=\"middle\">11.05 &#8211; 01.10<\/td>\n<\/tr>\n<tr>\n<td style=\"width: 200.84375px;\" valign=\"middle\">kozy, ko\u017al\u0119ta<\/td>\n<td style=\"width: 55.28125px;\" valign=\"middle\">30.09 &#8211; 15.01<\/td>\n<\/tr>\n<tr>\n<td style=\"width: 456.75px;\" colspan=\"2\" valign=\"middle\">Dziki<\/td>\n<td style=\"width: 55.28125px;\" valign=\"middle\">ca\u0142y rok<\/td>\n<\/tr>\n<tr>\n<td style=\"width: 253.90625px;\" rowspan=\"2\" valign=\"middle\">Muflony<\/td>\n<td style=\"width: 200.84375px;\" valign=\"middle\">tryki<\/td>\n<td style=\"width: 55.28125px;\" valign=\"middle\">30.09 &#8211; 28.02<\/td>\n<\/tr>\n<tr>\n<td style=\"width: 200.84375px;\" valign=\"middle\">owce, jagni\u0119ta<\/td>\n<td style=\"width: 55.28125px;\" valign=\"middle\">30.09 &#8211; 15.01<\/td>\n<\/tr>\n<tr>\n<td style=\"width: 456.75px;\" colspan=\"2\" valign=\"middle\">Borsuki<\/td>\n<td style=\"width: 55.28125px;\" valign=\"middle\">01.09 &#8211; 30.11<\/td>\n<\/tr>\n<tr>\n<td style=\"width: 456.75px;\" colspan=\"2\" valign=\"middle\">Borsuki<\/p>\n<p>w obwodach z g\u0142uszcem lub cietrzewiem<\/td>\n<td style=\"width: 55.28125px;\" valign=\"middle\">ca\u0142y rok<\/td>\n<\/tr>\n<tr>\n<td style=\"width: 456.75px;\" colspan=\"2\" valign=\"middle\">Tch\u00f3rze, kuny (le\u015bne i domowe)<\/td>\n<td style=\"width: 55.28125px;\" valign=\"middle\">01.09 &#8211; 02.04<\/td>\n<\/tr>\n<tr>\n<td style=\"width: 456.75px;\" colspan=\"2\" valign=\"middle\">Tch\u00f3rze, kuny (le\u015bne i domowe)<\/p>\n<p>w obwodach z g\u0142uszcem lub cietrzewiem<\/td>\n<td style=\"width: 55.28125px;\" valign=\"middle\">ca\u0142y rok<\/td>\n<\/tr>\n<tr>\n<td style=\"width: 456.75px;\" colspan=\"2\" valign=\"middle\">Lisy<\/td>\n<td style=\"width: 55.28125px;\" valign=\"middle\">01.06 &#8211; 02.04<\/td>\n<\/tr>\n<tr>\n<td style=\"width: 456.75px;\" colspan=\"2\" valign=\"middle\">Lisy<\/p>\n<p>w obwodach z g\u0142uszcem lub cietrzewiem lub&nbsp;zasiedlanych w ostatnich 2 latach zaj\u0105cem, ba\u017cantem lub kuropatw\u0105<\/td>\n<td style=\"width: 55.28125px;\" valign=\"middle\">ca\u0142y rok<\/td>\n<\/tr>\n<tr>\n<td style=\"width: 456.75px;\" colspan=\"2\" valign=\"middle\">Norki ameryka\u0144skie, jenoty, szopy pracze<\/td>\n<td style=\"width: 55.28125px;\" valign=\"middle\">ca\u0142y rok<\/td>\n<\/tr>\n<tr>\n<td style=\"width: 253.90625px;\" rowspan=\"2\" valign=\"middle\">Pi\u017cmaki<\/td>\n<td style=\"width: 200.84375px;\" valign=\"middle\">&nbsp;<\/td>\n<td style=\"width: 55.28125px;\" valign=\"middle\">11.08 &#8211; 15.04<\/td>\n<\/tr>\n<tr>\n<td style=\"width: 200.84375px;\" valign=\"middle\">rybackie obr\u0119by hod.<\/td>\n<td style=\"width: 55.28125px;\" valign=\"middle\">ca\u0142y rok<\/td>\n<\/tr>\n<tr>\n<td style=\"width: 253.90625px;\" rowspan=\"2\" valign=\"middle\">Zaj\u0105ce szaraki<\/p>\n<p>i dzikie kr\u00f3liki<\/td>\n<td style=\"width: 200.84375px;\" valign=\"middle\">odstrza\u0142<\/td>\n<td style=\"width: 55.28125px;\" valign=\"middle\">01.11 &#8211; 01.01<\/td>\n<\/tr>\n<tr>\n<td style=\"width: 200.84375px;\" valign=\"middle\">od\u0142owy<\/td>\n<td style=\"width: 55.28125px;\" valign=\"middle\">01.11 &#8211; 15.01<\/td>\n<\/tr>\n<tr>\n<td style=\"width: 253.90625px;\" rowspan=\"2\" valign=\"middle\">Ba\u017canty<\/td>\n<td style=\"width: 200.84375px;\" valign=\"middle\">koguty<\/td>\n<td style=\"width: 55.28125px;\" valign=\"middle\">30.09 &#8211; 28.02<\/td>\n<\/tr>\n<tr>\n<td style=\"width: 200.84375px;\" valign=\"middle\">kury &#8211; w OHZ z hod.<\/td>\n<td style=\"width: 55.28125px;\" valign=\"middle\">30.09 &#8211; 31.01<\/td>\n<\/tr>\n<tr>\n<td style=\"width: 253.90625px;\" rowspan=\"2\" valign=\"middle\">Kuropatwy<\/td>\n<td style=\"width: 200.84375px;\" valign=\"middle\">odstrza\u0142<\/td>\n<td style=\"width: 55.28125px;\" valign=\"middle\">09.09 &#8211; 22.10<\/td>\n<\/tr>\n<tr>\n<td style=\"width: 200.84375px;\" valign=\"middle\">od\u0142owy<\/td>\n<td style=\"width: 55.28125px;\" valign=\"middle\">09.09 &#8211; 15.01<\/td>\n<\/tr>\n<tr>\n<td style=\"width: 456.75px;\" colspan=\"2\" valign=\"middle\">Kaczki &#8211; krzy\u017c\u00f3wki, cyraneczki, g\u0142owienki, czernice<\/td>\n<td style=\"width: 55.28125px;\" valign=\"middle\">15.08 &#8211; 21.12<\/td>\n<\/tr>\n<tr>\n<td style=\"width: 253.90625px;\" rowspan=\"2\" valign=\"middle\">G\u0119si: zbo\u017cowe, bia\u0142oczelne<\/td>\n<td style=\"width: 200.84375px;\" valign=\"middle\">4 woj. zachodnie *<\/td>\n<td style=\"width: 55.28125px;\" valign=\"middle\">01.09 &#8211; 31.01<\/td>\n<\/tr>\n<tr>\n<td style=\"width: 200.84375px;\" valign=\"middle\">pozosta\u0142e woj.<\/td>\n<td style=\"width: 55.28125px;\" valign=\"middle\">01.09 &#8211; 21.12<\/td>\n<\/tr>\n<tr>\n<td style=\"width: 253.90625px;\" rowspan=\"2\" valign=\"middle\">G\u0119si: g\u0119gawy<\/td>\n<td style=\"width: 200.84375px;\" valign=\"middle\">4 woj. zachodnie *<\/td>\n<td style=\"width: 55.28125px;\" valign=\"middle\">01.09 &#8211; 15.01<\/td>\n<\/tr>\n<tr>\n<td style=\"width: 200.84375px;\" valign=\"middle\">pozosta\u0142e woj.<\/td>\n<td style=\"width: 55.28125px;\" valign=\"middle\">01.09 &#8211; 21.12<\/td>\n<\/tr>\n<tr>\n<td style=\"width: 456.75px;\" colspan=\"2\" valign=\"middle\">\u0141yski<\/td>\n<td style=\"width: 55.28125px;\" valign=\"middle\">15.08 &#8211; 21.12<\/td>\n<\/tr>\n<tr>\n<td style=\"width: 456.75px;\" colspan=\"2\" valign=\"middle\">Go\u0142\u0119bie grzywacze<\/td>\n<td style=\"width: 55.28125px;\" valign=\"middle\">15.08 &#8211; 30.11<\/td>\n<\/tr>\n<tr>\n<td style=\"width: 456.75px;\" colspan=\"2\" valign=\"middle\">S\u0142onki&nbsp;<\/td>\n<td style=\"width: 55.28125px;\" valign=\"middle\">01.09 &#8211; 21.12<\/td>\n<\/tr>\n<tr>\n<td style=\"width: 456.75px;\" colspan=\"2\" valign=\"middle\">Jarz\u0105bki<\/td>\n<td style=\"width: 55.28125px;\" valign=\"middle\">01.09 &#8211; 30.11<\/td>\n<\/tr>\n<tr>\n<td style=\"width: 456.75px;\" colspan=\"2\" valign=\"middle\">Szakale z\u0142ociste &#8211; obowi\u0105zuje od 1.03.2019.<\/td>\n<td style=\"width: 55.28125px;\" valign=\"middle\">01.08 &#8211; 28.02<\/td>\n<\/tr>\n<tr>\n<td style=\"width: 456.75px;\" colspan=\"2\" valign=\"middle\">Szakale z\u0142ociste &#8211; obowi\u0105zuje od 1.03.2019.<\/p>\n<p>w obwodach z g\u0142uszcem lub cietrzewiem lub&nbsp;zasiedlanych w ostatnich 2 latach zaj\u0105cem, ba\u017cantem lub kuropatw\u0105<\/td>\n<td style=\"width: 55.28125px;\" valign=\"middle\">ca\u0142y rok<\/td>\n<\/tr>\n<tr>\n<td style=\"width: 514.03125px;\" colspan=\"3\" valign=\"middle\">* dotyczy wojew\u00f3dztw: zachodniopomorskiego, lubuskiego, wielkopolskiego i dolno\u015bl\u0105skiego<\/td>\n<\/tr>\n<\/tbody>\n<\/table>\n","protected":false},"excerpt":{"rendered":"<p>Sezon \u0142owiecki 2017 \/ 2018 Okresy polowa\u0144 z uwzgl\u0119dnieniem sob\u00f3t, niedziel i \u015bwi\u0105t po zmianach z 1 sierpnia 2017 \u0141osie (obj\u0119te ochron\u0105) byki, kl\u0119py, \u0142oszaki &#8211;&nbsp;&nbsp;&nbsp;&nbsp;&#8211;&nbsp;&nbsp;&nbsp;&nbsp;&#8211;&nbsp;&nbsp;&nbsp; Jelenie szlachetne byki 19.08 &#8211; 28.02 \u0142anie 01.09 &#8211; 15.01 ciel\u0119ta 01.09 &#8211; 28.02 Jelenie sika byki, \u0142anie, ciel\u0119ta 30.09 &#8211; 15.01 Daniele byki 01.09 &#8211; 28.02 \u0142anie 01.09 [&hellip;]<\/p>\n","protected":false},"author":1,"featured_media":0,"parent":0,"menu_order":3,"comment_status":"closed","ping_status":"closed","template":"","meta":{"ngg_post_thumbnail":0,"footnotes":""},"class_list":["post-16","page","type-page","status-publish","hentry"],"yoast_head":"<!-- This site is optimized with the Yoast SEO plugin v27.4 - https:\/\/yoast.com\/product\/yoast-seo-wordpress\/ -->\n<title>Kalendarz - Wojskowe Ko\u0142o \u0141owieckie nr 297 &quot;Diana&quot; w Gdyni<\/title>\n<meta name=\"robots\" content=\"index, follow, max-snippet:-1, max-image-preview:large, max-video-preview:-1\" \/>\n<link rel=\"canonical\" href=\"https:\/\/wkldiana.pl\/index.php\/kalendarz\/\" \/>\n<meta property=\"og:locale\" content=\"pl_PL\" \/>\n<meta property=\"og:type\" content=\"article\" \/>\n<meta property=\"og:title\" content=\"Kalendarz - Wojskowe Ko\u0142o \u0141owieckie nr 297 &quot;Diana&quot; w Gdyni\" \/>\n<meta property=\"og:description\" content=\"Sezon \u0142owiecki 2017 \/ 2018 Okresy polowa\u0144 z uwzgl\u0119dnieniem sob\u00f3t, niedziel i \u015bwi\u0105t po zmianach z 1 sierpnia 2017 \u0141osie (obj\u0119te ochron\u0105) byki, kl\u0119py, \u0142oszaki &#8211;&nbsp;&nbsp;&nbsp;&nbsp;&#8211;&nbsp;&nbsp;&nbsp;&nbsp;&#8211;&nbsp;&nbsp;&nbsp; Jelenie szlachetne byki 19.08 &#8211; 28.02 \u0142anie 01.09 &#8211; 15.01 ciel\u0119ta 01.09 &#8211; 28.02 Jelenie sika byki, \u0142anie, ciel\u0119ta 30.09 &#8211; 15.01 Daniele byki 01.09 &#8211; 28.02 \u0142anie 01.09 [&hellip;]\" \/>\n<meta property=\"og:url\" content=\"https:\/\/wkldiana.pl\/index.php\/kalendarz\/\" \/>\n<meta property=\"og:site_name\" content=\"Wojskowe Ko\u0142o \u0141owieckie nr 297 &quot;Diana&quot; w Gdyni\" \/>\n<meta property=\"article:modified_time\" content=\"2017-12-09T19:25:00+00:00\" \/>\n<meta name=\"twitter:card\" content=\"summary_large_image\" \/>\n<meta name=\"twitter:label1\" content=\"Szacowany czas czytania\" \/>\n\t<meta name=\"twitter:data1\" content=\"1 minuta\" \/>\n<script type=\"application\/ld+json\" class=\"yoast-schema-graph\">{\"@context\":\"https:\\\/\\\/schema.org\",\"@graph\":[{\"@type\":\"WebPage\",\"@id\":\"https:\\\/\\\/wkldiana.pl\\\/index.php\\\/kalendarz\\\/\",\"url\":\"https:\\\/\\\/wkldiana.pl\\\/index.php\\\/kalendarz\\\/\",\"name\":\"Kalendarz - Wojskowe Ko\u0142o \u0141owieckie nr 297 &quot;Diana&quot; w Gdyni\",\"isPartOf\":{\"@id\":\"https:\\\/\\\/wkldiana.pl\\\/#website\"},\"datePublished\":\"2017-12-09T13:42:31+00:00\",\"dateModified\":\"2017-12-09T19:25:00+00:00\",\"breadcrumb\":{\"@id\":\"https:\\\/\\\/wkldiana.pl\\\/index.php\\\/kalendarz\\\/#breadcrumb\"},\"inLanguage\":\"pl-PL\",\"potentialAction\":[{\"@type\":\"ReadAction\",\"target\":[\"https:\\\/\\\/wkldiana.pl\\\/index.php\\\/kalendarz\\\/\"]}]},{\"@type\":\"BreadcrumbList\",\"@id\":\"https:\\\/\\\/wkldiana.pl\\\/index.php\\\/kalendarz\\\/#breadcrumb\",\"itemListElement\":[{\"@type\":\"ListItem\",\"position\":1,\"name\":\"Strona g\u0142\u00f3wna\",\"item\":\"https:\\\/\\\/wkldiana.pl\\\/\"},{\"@type\":\"ListItem\",\"position\":2,\"name\":\"Kalendarz\"}]},{\"@type\":\"WebSite\",\"@id\":\"https:\\\/\\\/wkldiana.pl\\\/#website\",\"url\":\"https:\\\/\\\/wkldiana.pl\\\/\",\"name\":\"Wojskowe Ko\u0142o \u0141owieckie nr 297 &quot;Diana&quot; w Gdyni\",\"description\":\"WK\u0141 nr 297 &quot;Diana&quot; w Gdyni\",\"potentialAction\":[{\"@type\":\"SearchAction\",\"target\":{\"@type\":\"EntryPoint\",\"urlTemplate\":\"https:\\\/\\\/wkldiana.pl\\\/?s={search_term_string}\"},\"query-input\":{\"@type\":\"PropertyValueSpecification\",\"valueRequired\":true,\"valueName\":\"search_term_string\"}}],\"inLanguage\":\"pl-PL\"}]}<\/script>\n<!-- \/ Yoast SEO plugin. -->","yoast_head_json":{"title":"Kalendarz - Wojskowe Ko\u0142o \u0141owieckie nr 297 &quot;Diana&quot; w Gdyni","robots":{"index":"index","follow":"follow","max-snippet":"max-snippet:-1","max-image-preview":"max-image-preview:large","max-video-preview":"max-video-preview:-1"},"canonical":"https:\/\/wkldiana.pl\/index.php\/kalendarz\/","og_locale":"pl_PL","og_type":"article","og_title":"Kalendarz - Wojskowe Ko\u0142o \u0141owieckie nr 297 &quot;Diana&quot; w Gdyni","og_description":"Sezon \u0142owiecki 2017 \/ 2018 Okresy polowa\u0144 z uwzgl\u0119dnieniem sob\u00f3t, niedziel i \u015bwi\u0105t po zmianach z 1 sierpnia 2017 \u0141osie (obj\u0119te ochron\u0105) byki, kl\u0119py, \u0142oszaki &#8211;&nbsp;&nbsp;&nbsp;&nbsp;&#8211;&nbsp;&nbsp;&nbsp;&nbsp;&#8211;&nbsp;&nbsp;&nbsp; Jelenie szlachetne byki 19.08 &#8211; 28.02 \u0142anie 01.09 &#8211; 15.01 ciel\u0119ta 01.09 &#8211; 28.02 Jelenie sika byki, \u0142anie, ciel\u0119ta 30.09 &#8211; 15.01 Daniele byki 01.09 &#8211; 28.02 \u0142anie 01.09 [&hellip;]","og_url":"https:\/\/wkldiana.pl\/index.php\/kalendarz\/","og_site_name":"Wojskowe Ko\u0142o \u0141owieckie nr 297 &quot;Diana&quot; w Gdyni","article_modified_time":"2017-12-09T19:25:00+00:00","twitter_card":"summary_large_image","twitter_misc":{"Szacowany czas czytania":"1 minuta"},"schema":{"@context":"https:\/\/schema.org","@graph":[{"@type":"WebPage","@id":"https:\/\/wkldiana.pl\/index.php\/kalendarz\/","url":"https:\/\/wkldiana.pl\/index.php\/kalendarz\/","name":"Kalendarz - Wojskowe Ko\u0142o \u0141owieckie nr 297 &quot;Diana&quot; w Gdyni","isPartOf":{"@id":"https:\/\/wkldiana.pl\/#website"},"datePublished":"2017-12-09T13:42:31+00:00","dateModified":"2017-12-09T19:25:00+00:00","breadcrumb":{"@id":"https:\/\/wkldiana.pl\/index.php\/kalendarz\/#breadcrumb"},"inLanguage":"pl-PL","potentialAction":[{"@type":"ReadAction","target":["https:\/\/wkldiana.pl\/index.php\/kalendarz\/"]}]},{"@type":"BreadcrumbList","@id":"https:\/\/wkldiana.pl\/index.php\/kalendarz\/#breadcrumb","itemListElement":[{"@type":"ListItem","position":1,"name":"Strona g\u0142\u00f3wna","item":"https:\/\/wkldiana.pl\/"},{"@type":"ListItem","position":2,"name":"Kalendarz"}]},{"@type":"WebSite","@id":"https:\/\/wkldiana.pl\/#website","url":"https:\/\/wkldiana.pl\/","name":"Wojskowe Ko\u0142o \u0141owieckie nr 297 &quot;Diana&quot; w Gdyni","description":"WK\u0141 nr 297 &quot;Diana&quot; w Gdyni","potentialAction":[{"@type":"SearchAction","target":{"@type":"EntryPoint","urlTemplate":"https:\/\/wkldiana.pl\/?s={search_term_string}"},"query-input":{"@type":"PropertyValueSpecification","valueRequired":true,"valueName":"search_term_string"}}],"inLanguage":"pl-PL"}]}},"_links":{"self":[{"href":"http:\/\/wkldiana.pl\/index.php\/wp-json\/wp\/v2\/pages\/16","targetHints":{"allow":["GET"]}}],"collection":[{"href":"http:\/\/wkldiana.pl\/index.php\/wp-json\/wp\/v2\/pages"}],"about":[{"href":"http:\/\/wkldiana.pl\/index.php\/wp-json\/wp\/v2\/types\/page"}],"author":[{"embeddable":true,"href":"http:\/\/wkldiana.pl\/index.php\/wp-json\/wp\/v2\/users\/1"}],"replies":[{"embeddable":true,"href":"http:\/\/wkldiana.pl\/index.php\/wp-json\/wp\/v2\/comments?post=16"}],"version-history":[{"count":5,"href":"http:\/\/wkldiana.pl\/index.php\/wp-json\/wp\/v2\/pages\/16\/revisions"}],"predecessor-version":[{"id":232,"href":"http:\/\/wkldiana.pl\/index.php\/wp-json\/wp\/v2\/pages\/16\/revisions\/232"}],"wp:attachment":[{"href":"http:\/\/wkldiana.pl\/index.php\/wp-json\/wp\/v2\/media?parent=16"}],"curies":[{"name":"wp","href":"https:\/\/api.w.org\/{rel}","templated":true}]}}