{"id":18,"date":"2017-12-09T14:42:33","date_gmt":"2017-12-09T13:42:33","guid":{"rendered":"http:\/\/wkldiana.pl\/index.php\/dokumenty\/"},"modified":"2017-12-10T11:04:40","modified_gmt":"2017-12-10T10:04:40","slug":"dokumenty","status":"publish","type":"page","link":"http:\/\/wkldiana.pl\/index.php\/dokumenty\/","title":{"rendered":"Dokumenty"},"content":{"rendered":"<ol>\n<li><a href=\"http:\/\/wkldiana.pl\/dokumenty\/Statut PZ.pdf\" target=\"_blank\" rel=\"noopener\">Statut Polskiego Zwi\u0105zku \u0141owieckiego;<\/a><\/li>\n<li><a href=\"http:\/\/wkldiana.pl\/dokumenty\/Ustawa Prawo owiecie.pdf\" target=\"_blank\" rel=\"noopener\">Ustawa Prawo \u0141owieckie;<\/a><\/li>\n<li><a href=\"http:\/\/wkldiana.pl\/dokumenty\/O zmianie ustawy Prawo owieckie.pdf\" target=\"_blank\" rel=\"noopener\">Zmiany Ustawy Prawo \u0141owieckie;<\/a><\/li>\n<li><a href=\"http:\/\/wkldiana.pl\/dokumenty\/Rozporzdzenie Ministra rodowiska w sprawie uprawnie do wykonywania polowania.pdf\" target=\"_blank\" rel=\"noopener\">Rozporz\u0105dzenie ws. uprawnie\u0144 do wykonywania polowania;<\/a><\/li>\n<li><a href=\"http:\/\/wkldiana.pl\/dokumenty\/Rozporzdzenie Ministra rodowiska w sprawie okrelenia okresw polowa na zwierzeta owne.pdf\" target=\"_blank\" rel=\"noopener\">Rozporz\u0105dzenie ws. okre\u015blenia okres\u00f3w polowa\u0144;<\/a><\/li>\n<li><a href=\"http:\/\/wkldiana.pl\/dokumenty\/Rozporzdzenie Ministra rodowiska w sprawie szczegowych warunkw wykonywania polowania i z nakowania tusz.pdf\" target=\"_blank\" rel=\"noopener\">Rozporz\u0105dzenie ws. szczeg\u00f3\u0142owych warunk\u00f3w wykonywania polowania i znakowania tusz;<\/a><\/li>\n<li><a href=\"http:\/\/wkldiana.pl\/dokumenty\/Rozporzdzenie Ministra rodowiska z dnia 1 sierpnia 2017 r. zmieniajce rozporzdzenie w sprawie okrelenia okresw polowa na zwierzta owne.pdf\" target=\"_blank\" rel=\"noopener\">Rozporz\u0105dzenie z dnia 01 sierpnia 2017 zmieniaj\u0105ce Rozporz\u0105dzenie w sprawie okres\u00f3w polowa\u0144;<\/a><\/li>\n<li><a href=\"http:\/\/wkldiana.pl\/dokumenty\/Ustawa o broni i amunicji.pdf\" target=\"_blank\" rel=\"noopener\">Ustawa o broni i amunicji;<\/a><\/li>\n<li><a href=\"http:\/\/wkldiana.pl\/dokumenty\/Rozporzdzenie M w sprawie sposobu wyceny oraz ewidencji trofeow owieckich.pdf\" target=\"_blank\" rel=\"noopener\">Rozporz\u0105dzenie ws. sposobu wyceny oraz ewidencji trofe\u00f3w \u0142owieckich;<\/a><\/li>\n<li><a href=\"http:\/\/wkldiana.pl\/dokumenty\/Rozporzdzenie Ministra rodowiska - szacowanie szkd.pdf\" target=\"_blank\" rel=\"noopener\">Rozporz\u0105dzenie ws. szacowania szk\u00f3d.<\/a><\/li>\n<\/ol>\n","protected":false},"excerpt":{"rendered":"<p>Statut Polskiego Zwi\u0105zku \u0141owieckiego; Ustawa Prawo \u0141owieckie; Zmiany Ustawy Prawo \u0141owieckie; Rozporz\u0105dzenie ws. uprawnie\u0144 do wykonywania polowania; Rozporz\u0105dzenie ws. okre\u015blenia okres\u00f3w polowa\u0144; Rozporz\u0105dzenie ws. szczeg\u00f3\u0142owych warunk\u00f3w wykonywania polowania i znakowania tusz; Rozporz\u0105dzenie z dnia 01 sierpnia 2017 zmieniaj\u0105ce Rozporz\u0105dzenie w sprawie okres\u00f3w polowa\u0144; Ustawa o broni i amunicji; Rozporz\u0105dzenie ws. sposobu wyceny oraz ewidencji trofe\u00f3w [&hellip;]<\/p>\n","protected":false},"author":1,"featured_media":0,"parent":0,"menu_order":5,"comment_status":"closed","ping_status":"closed","template":"","meta":{"ngg_post_thumbnail":0,"footnotes":""},"class_list":["post-18","page","type-page","status-publish","hentry"],"yoast_head":"<!-- This site is optimized with the Yoast SEO plugin v27.3 - https:\/\/yoast.com\/product\/yoast-seo-wordpress\/ -->\n<title>Dokumenty - Wojskowe Ko\u0142o \u0141owieckie nr 297 &quot;Diana&quot; w Gdyni<\/title>\n<meta name=\"robots\" content=\"index, follow, max-snippet:-1, max-image-preview:large, max-video-preview:-1\" \/>\n<link rel=\"canonical\" href=\"https:\/\/wkldiana.pl\/index.php\/dokumenty\/\" \/>\n<meta property=\"og:locale\" content=\"pl_PL\" \/>\n<meta property=\"og:type\" content=\"article\" \/>\n<meta property=\"og:title\" content=\"Dokumenty - Wojskowe Ko\u0142o \u0141owieckie nr 297 &quot;Diana&quot; w Gdyni\" \/>\n<meta property=\"og:description\" content=\"Statut Polskiego Zwi\u0105zku \u0141owieckiego; Ustawa Prawo \u0141owieckie; Zmiany Ustawy Prawo \u0141owieckie; Rozporz\u0105dzenie ws. uprawnie\u0144 do wykonywania polowania; Rozporz\u0105dzenie ws. okre\u015blenia okres\u00f3w polowa\u0144; Rozporz\u0105dzenie ws. szczeg\u00f3\u0142owych warunk\u00f3w wykonywania polowania i znakowania tusz; Rozporz\u0105dzenie z dnia 01 sierpnia 2017 zmieniaj\u0105ce Rozporz\u0105dzenie w sprawie okres\u00f3w polowa\u0144; Ustawa o broni i amunicji; Rozporz\u0105dzenie ws. sposobu wyceny oraz ewidencji trofe\u00f3w [&hellip;]\" \/>\n<meta property=\"og:url\" content=\"https:\/\/wkldiana.pl\/index.php\/dokumenty\/\" \/>\n<meta property=\"og:site_name\" content=\"Wojskowe Ko\u0142o \u0141owieckie nr 297 &quot;Diana&quot; w Gdyni\" \/>\n<meta property=\"article:modified_time\" content=\"2017-12-10T10:04:40+00:00\" \/>\n<meta name=\"twitter:card\" content=\"summary_large_image\" \/>\n<script type=\"application\/ld+json\" class=\"yoast-schema-graph\">{\"@context\":\"https:\\\/\\\/schema.org\",\"@graph\":[{\"@type\":\"WebPage\",\"@id\":\"https:\\\/\\\/wkldiana.pl\\\/index.php\\\/dokumenty\\\/\",\"url\":\"https:\\\/\\\/wkldiana.pl\\\/index.php\\\/dokumenty\\\/\",\"name\":\"Dokumenty - Wojskowe Ko\u0142o \u0141owieckie nr 297 &quot;Diana&quot; w Gdyni\",\"isPartOf\":{\"@id\":\"http:\\\/\\\/wkldiana.pl\\\/#website\"},\"datePublished\":\"2017-12-09T13:42:33+00:00\",\"dateModified\":\"2017-12-10T10:04:40+00:00\",\"breadcrumb\":{\"@id\":\"https:\\\/\\\/wkldiana.pl\\\/index.php\\\/dokumenty\\\/#breadcrumb\"},\"inLanguage\":\"pl-PL\",\"potentialAction\":[{\"@type\":\"ReadAction\",\"target\":[\"https:\\\/\\\/wkldiana.pl\\\/index.php\\\/dokumenty\\\/\"]}]},{\"@type\":\"BreadcrumbList\",\"@id\":\"https:\\\/\\\/wkldiana.pl\\\/index.php\\\/dokumenty\\\/#breadcrumb\",\"itemListElement\":[{\"@type\":\"ListItem\",\"position\":1,\"name\":\"Strona g\u0142\u00f3wna\",\"item\":\"http:\\\/\\\/wkldiana.pl\\\/\"},{\"@type\":\"ListItem\",\"position\":2,\"name\":\"Dokumenty\"}]},{\"@type\":\"WebSite\",\"@id\":\"http:\\\/\\\/wkldiana.pl\\\/#website\",\"url\":\"http:\\\/\\\/wkldiana.pl\\\/\",\"name\":\"Wojskowe Ko\u0142o \u0141owieckie nr 297 &quot;Diana&quot; w Gdyni\",\"description\":\"WK\u0141 nr 297 &quot;Diana&quot; w Gdyni\",\"potentialAction\":[{\"@type\":\"SearchAction\",\"target\":{\"@type\":\"EntryPoint\",\"urlTemplate\":\"http:\\\/\\\/wkldiana.pl\\\/?s={search_term_string}\"},\"query-input\":{\"@type\":\"PropertyValueSpecification\",\"valueRequired\":true,\"valueName\":\"search_term_string\"}}],\"inLanguage\":\"pl-PL\"}]}<\/script>\n<!-- \/ Yoast SEO plugin. -->","yoast_head_json":{"title":"Dokumenty - Wojskowe Ko\u0142o \u0141owieckie nr 297 &quot;Diana&quot; w Gdyni","robots":{"index":"index","follow":"follow","max-snippet":"max-snippet:-1","max-image-preview":"max-image-preview:large","max-video-preview":"max-video-preview:-1"},"canonical":"https:\/\/wkldiana.pl\/index.php\/dokumenty\/","og_locale":"pl_PL","og_type":"article","og_title":"Dokumenty - Wojskowe Ko\u0142o \u0141owieckie nr 297 &quot;Diana&quot; w Gdyni","og_description":"Statut Polskiego Zwi\u0105zku \u0141owieckiego; Ustawa Prawo \u0141owieckie; Zmiany Ustawy Prawo \u0141owieckie; Rozporz\u0105dzenie ws. uprawnie\u0144 do wykonywania polowania; Rozporz\u0105dzenie ws. okre\u015blenia okres\u00f3w polowa\u0144; Rozporz\u0105dzenie ws. szczeg\u00f3\u0142owych warunk\u00f3w wykonywania polowania i znakowania tusz; Rozporz\u0105dzenie z dnia 01 sierpnia 2017 zmieniaj\u0105ce Rozporz\u0105dzenie w sprawie okres\u00f3w polowa\u0144; Ustawa o broni i amunicji; Rozporz\u0105dzenie ws. sposobu wyceny oraz ewidencji trofe\u00f3w [&hellip;]","og_url":"https:\/\/wkldiana.pl\/index.php\/dokumenty\/","og_site_name":"Wojskowe Ko\u0142o \u0141owieckie nr 297 &quot;Diana&quot; w Gdyni","article_modified_time":"2017-12-10T10:04:40+00:00","twitter_card":"summary_large_image","schema":{"@context":"https:\/\/schema.org","@graph":[{"@type":"WebPage","@id":"https:\/\/wkldiana.pl\/index.php\/dokumenty\/","url":"https:\/\/wkldiana.pl\/index.php\/dokumenty\/","name":"Dokumenty - Wojskowe Ko\u0142o \u0141owieckie nr 297 &quot;Diana&quot; w Gdyni","isPartOf":{"@id":"http:\/\/wkldiana.pl\/#website"},"datePublished":"2017-12-09T13:42:33+00:00","dateModified":"2017-12-10T10:04:40+00:00","breadcrumb":{"@id":"https:\/\/wkldiana.pl\/index.php\/dokumenty\/#breadcrumb"},"inLanguage":"pl-PL","potentialAction":[{"@type":"ReadAction","target":["https:\/\/wkldiana.pl\/index.php\/dokumenty\/"]}]},{"@type":"BreadcrumbList","@id":"https:\/\/wkldiana.pl\/index.php\/dokumenty\/#breadcrumb","itemListElement":[{"@type":"ListItem","position":1,"name":"Strona g\u0142\u00f3wna","item":"http:\/\/wkldiana.pl\/"},{"@type":"ListItem","position":2,"name":"Dokumenty"}]},{"@type":"WebSite","@id":"http:\/\/wkldiana.pl\/#website","url":"http:\/\/wkldiana.pl\/","name":"Wojskowe Ko\u0142o \u0141owieckie nr 297 &quot;Diana&quot; w Gdyni","description":"WK\u0141 nr 297 &quot;Diana&quot; w Gdyni","potentialAction":[{"@type":"SearchAction","target":{"@type":"EntryPoint","urlTemplate":"http:\/\/wkldiana.pl\/?s={search_term_string}"},"query-input":{"@type":"PropertyValueSpecification","valueRequired":true,"valueName":"search_term_string"}}],"inLanguage":"pl-PL"}]}},"_links":{"self":[{"href":"http:\/\/wkldiana.pl\/index.php\/wp-json\/wp\/v2\/pages\/18","targetHints":{"allow":["GET"]}}],"collection":[{"href":"http:\/\/wkldiana.pl\/index.php\/wp-json\/wp\/v2\/pages"}],"about":[{"href":"http:\/\/wkldiana.pl\/index.php\/wp-json\/wp\/v2\/types\/page"}],"author":[{"embeddable":true,"href":"http:\/\/wkldiana.pl\/index.php\/wp-json\/wp\/v2\/users\/1"}],"replies":[{"embeddable":true,"href":"http:\/\/wkldiana.pl\/index.php\/wp-json\/wp\/v2\/comments?post=18"}],"version-history":[{"count":4,"href":"http:\/\/wkldiana.pl\/index.php\/wp-json\/wp\/v2\/pages\/18\/revisions"}],"predecessor-version":[{"id":264,"href":"http:\/\/wkldiana.pl\/index.php\/wp-json\/wp\/v2\/pages\/18\/revisions\/264"}],"wp:attachment":[{"href":"http:\/\/wkldiana.pl\/index.php\/wp-json\/wp\/v2\/media?parent=18"}],"curies":[{"name":"wp","href":"https:\/\/api.w.org\/{rel}","templated":true}]}}