{"id":22,"date":"2017-12-09T14:42:37","date_gmt":"2017-12-09T13:42:37","guid":{"rendered":"http:\/\/wkldiana.pl\/index.php\/dla-czlonkow-kola\/polowania-zbiorowe\/"},"modified":"2018-12-05T16:28:19","modified_gmt":"2018-12-05T15:28:19","slug":"polowania-zbiorowe","status":"publish","type":"page","link":"http:\/\/wkldiana.pl\/index.php\/dla-czlonkow-kola\/polowania-zbiorowe\/","title":{"rendered":"Polowania zbiorowe"},"content":{"rendered":"","protected":true},"excerpt":{"rendered":"","protected":true},"author":1,"featured_media":0,"parent":19,"menu_order":9,"comment_status":"closed","ping_status":"closed","template":"","meta":{"ngg_post_thumbnail":0,"footnotes":""},"class_list":["post-22","page","type-page","status-publish","post-password-required","hentry"],"yoast_head":"<!-- This site is optimized with the Yoast SEO plugin v27.4 - https:\/\/yoast.com\/product\/yoast-seo-wordpress\/ -->\n<title>Polowania zbiorowe - Wojskowe Ko\u0142o \u0141owieckie nr 297 &quot;Diana&quot; w Gdyni<\/title>\n<meta name=\"robots\" content=\"index, follow, max-snippet:-1, max-image-preview:large, max-video-preview:-1\" \/>\n<link rel=\"canonical\" href=\"https:\/\/wkldiana.pl\/index.php\/dla-czlonkow-kola\/polowania-zbiorowe\/\" \/>\n<meta property=\"og:locale\" content=\"pl_PL\" \/>\n<meta property=\"og:type\" content=\"article\" \/>\n<meta property=\"og:title\" content=\"Polowania zbiorowe - Wojskowe Ko\u0142o \u0141owieckie nr 297 &quot;Diana&quot; w Gdyni\" \/>\n<meta property=\"og:description\" content=\"Brak zajawki, poniewa\u017c wpis jest zabezpieczony has\u0142em.\" \/>\n<meta property=\"og:url\" content=\"https:\/\/wkldiana.pl\/index.php\/dla-czlonkow-kola\/polowania-zbiorowe\/\" \/>\n<meta property=\"og:site_name\" content=\"Wojskowe Ko\u0142o \u0141owieckie nr 297 &quot;Diana&quot; w Gdyni\" \/>\n<meta property=\"article:modified_time\" content=\"2018-12-05T15:28:19+00:00\" \/>\n<meta name=\"twitter:card\" content=\"summary_large_image\" \/>\n<script type=\"application\/ld+json\" class=\"yoast-schema-graph\">{\"@context\":\"https:\\\/\\\/schema.org\",\"@graph\":[{\"@type\":\"WebPage\",\"@id\":\"https:\\\/\\\/wkldiana.pl\\\/index.php\\\/dla-czlonkow-kola\\\/polowania-zbiorowe\\\/\",\"url\":\"https:\\\/\\\/wkldiana.pl\\\/index.php\\\/dla-czlonkow-kola\\\/polowania-zbiorowe\\\/\",\"name\":\"Polowania zbiorowe - Wojskowe Ko\u0142o \u0141owieckie nr 297 &quot;Diana&quot; w Gdyni\",\"isPartOf\":{\"@id\":\"https:\\\/\\\/wkldiana.pl\\\/#website\"},\"datePublished\":\"2017-12-09T13:42:37+00:00\",\"dateModified\":\"2018-12-05T15:28:19+00:00\",\"breadcrumb\":{\"@id\":\"https:\\\/\\\/wkldiana.pl\\\/index.php\\\/dla-czlonkow-kola\\\/polowania-zbiorowe\\\/#breadcrumb\"},\"inLanguage\":\"pl-PL\"},{\"@type\":\"WebSite\",\"@id\":\"https:\\\/\\\/wkldiana.pl\\\/#website\",\"url\":\"https:\\\/\\\/wkldiana.pl\\\/\",\"name\":\"Wojskowe Ko\u0142o \u0141owieckie nr 297 &quot;Diana&quot; w Gdyni\",\"description\":\"WK\u0141 nr 297 &quot;Diana&quot; w Gdyni\",\"potentialAction\":[{\"@type\":\"SearchAction\",\"target\":{\"@type\":\"EntryPoint\",\"urlTemplate\":\"https:\\\/\\\/wkldiana.pl\\\/?s={search_term_string}\"},\"query-input\":{\"@type\":\"PropertyValueSpecification\",\"valueRequired\":true,\"valueName\":\"search_term_string\"}}],\"inLanguage\":\"pl-PL\"}]}<\/script>\n<!-- \/ Yoast SEO plugin. -->","yoast_head_json":{"title":"Polowania zbiorowe - Wojskowe Ko\u0142o \u0141owieckie nr 297 &quot;Diana&quot; w Gdyni","robots":{"index":"index","follow":"follow","max-snippet":"max-snippet:-1","max-image-preview":"max-image-preview:large","max-video-preview":"max-video-preview:-1"},"canonical":"https:\/\/wkldiana.pl\/index.php\/dla-czlonkow-kola\/polowania-zbiorowe\/","og_locale":"pl_PL","og_type":"article","og_title":"Polowania zbiorowe - Wojskowe Ko\u0142o \u0141owieckie nr 297 &quot;Diana&quot; w Gdyni","og_description":"Brak zajawki, poniewa\u017c wpis jest zabezpieczony has\u0142em.","og_url":"https:\/\/wkldiana.pl\/index.php\/dla-czlonkow-kola\/polowania-zbiorowe\/","og_site_name":"Wojskowe Ko\u0142o \u0141owieckie nr 297 &quot;Diana&quot; w Gdyni","article_modified_time":"2018-12-05T15:28:19+00:00","twitter_card":"summary_large_image","schema":{"@context":"https:\/\/schema.org","@graph":[{"@type":"WebPage","@id":"https:\/\/wkldiana.pl\/index.php\/dla-czlonkow-kola\/polowania-zbiorowe\/","url":"https:\/\/wkldiana.pl\/index.php\/dla-czlonkow-kola\/polowania-zbiorowe\/","name":"Polowania zbiorowe - Wojskowe Ko\u0142o \u0141owieckie nr 297 &quot;Diana&quot; w Gdyni","isPartOf":{"@id":"https:\/\/wkldiana.pl\/#website"},"datePublished":"2017-12-09T13:42:37+00:00","dateModified":"2018-12-05T15:28:19+00:00","breadcrumb":{"@id":"https:\/\/wkldiana.pl\/index.php\/dla-czlonkow-kola\/polowania-zbiorowe\/#breadcrumb"},"inLanguage":"pl-PL"},{"@type":"WebSite","@id":"https:\/\/wkldiana.pl\/#website","url":"https:\/\/wkldiana.pl\/","name":"Wojskowe Ko\u0142o \u0141owieckie nr 297 &quot;Diana&quot; w Gdyni","description":"WK\u0141 nr 297 &quot;Diana&quot; w Gdyni","potentialAction":[{"@type":"SearchAction","target":{"@type":"EntryPoint","urlTemplate":"https:\/\/wkldiana.pl\/?s={search_term_string}"},"query-input":{"@type":"PropertyValueSpecification","valueRequired":true,"valueName":"search_term_string"}}],"inLanguage":"pl-PL"}]}},"_links":{"self":[{"href":"http:\/\/wkldiana.pl\/index.php\/wp-json\/wp\/v2\/pages\/22","targetHints":{"allow":["GET"]}}],"collection":[{"href":"http:\/\/wkldiana.pl\/index.php\/wp-json\/wp\/v2\/pages"}],"about":[{"href":"http:\/\/wkldiana.pl\/index.php\/wp-json\/wp\/v2\/types\/page"}],"author":[{"embeddable":true,"href":"http:\/\/wkldiana.pl\/index.php\/wp-json\/wp\/v2\/users\/1"}],"replies":[{"embeddable":true,"href":"http:\/\/wkldiana.pl\/index.php\/wp-json\/wp\/v2\/comments?post=22"}],"version-history":[{"count":11,"href":"http:\/\/wkldiana.pl\/index.php\/wp-json\/wp\/v2\/pages\/22\/revisions"}],"predecessor-version":[{"id":1105,"href":"http:\/\/wkldiana.pl\/index.php\/wp-json\/wp\/v2\/pages\/22\/revisions\/1105"}],"up":[{"embeddable":true,"href":"http:\/\/wkldiana.pl\/index.php\/wp-json\/wp\/v2\/pages\/19"}],"wp:attachment":[{"href":"http:\/\/wkldiana.pl\/index.php\/wp-json\/wp\/v2\/media?parent=22"}],"curies":[{"name":"wp","href":"https:\/\/api.w.org\/{rel}","templated":true}]}}