{"id":24,"date":"2017-12-09T14:42:39","date_gmt":"2017-12-09T13:42:39","guid":{"rendered":"http:\/\/wkldiana.pl\/index.php\/zarzad\/"},"modified":"2019-07-08T18:48:27","modified_gmt":"2019-07-08T17:48:27","slug":"zarzad","status":"publish","type":"page","link":"http:\/\/wkldiana.pl\/index.php\/zarzad\/","title":{"rendered":"Zarz\u0105d Ko\u0142a"},"content":{"rendered":"<p style=\"text-align: center;\"><strong>WK\u0141 NR 297 &#8222;DIANA&#8221;<\/strong><\/p>\n<p style=\"text-align: center;\"><strong>Cz\u0142onkowie zarz\u0105du:<\/strong><\/p>\n<p style=\"text-align: center;\">Prezes Ko\u0142a &#8211; Antoni Do\u0142\u0119ga&nbsp;<\/p>\n<p style=\"text-align: center;\">\u0141owczy Ko\u0142a &#8211; \u0141ukasz Szadura&nbsp;<\/p>\n<p style=\"text-align: center;\">Skarbnik Ko\u0142a &#8211; Artur Pyczka&nbsp;<\/p>\n<p style=\"text-align: center;\">Sekretarz Ko\u0142a &#8211; Marek Funk&nbsp;<\/p>\n<p style=\"text-align: center;\"><strong>Komisja Rewizyjna:<\/strong><\/p>\n<p style=\"text-align: center;\">Przewodnicz\u0105cy &#8211; Edward W\u00f3jcik&nbsp;<\/p>\n<p style=\"text-align: center;\">Cz\u0142onkowie:<\/p>\n<p style=\"text-align: center;\">Jerzy Warszewski<\/p>\n<p style=\"text-align: center;\">Piotr Greca<\/p>\n<p style=\"text-align: center;\"><strong>Stra\u017cnicy \u0142owieccy:<\/strong><\/p>\n<p style=\"text-align: center;\">Antoni Do\u0142\u0119ga<\/p>\n<p style=\"text-align: center;\">\u0141ukasz Szadura<\/p>\n<p style=\"text-align: center;\">Artur Pyczka<\/p>\n<p>&nbsp;<\/p>\n<p>&nbsp;<\/p>\n","protected":false},"excerpt":{"rendered":"<p>WK\u0141 NR 297 &#8222;DIANA&#8221; Cz\u0142onkowie zarz\u0105du: Prezes Ko\u0142a &#8211; Antoni Do\u0142\u0119ga&nbsp; \u0141owczy Ko\u0142a &#8211; \u0141ukasz Szadura&nbsp; Skarbnik Ko\u0142a &#8211; Artur Pyczka&nbsp; Sekretarz Ko\u0142a &#8211; Marek Funk&nbsp; Komisja Rewizyjna: Przewodnicz\u0105cy &#8211; Edward W\u00f3jcik&nbsp; Cz\u0142onkowie: Jerzy Warszewski Piotr Greca Stra\u017cnicy \u0142owieccy: Antoni Do\u0142\u0119ga \u0141ukasz Szadura Artur Pyczka &nbsp; &nbsp;<\/p>\n","protected":false},"author":1,"featured_media":0,"parent":0,"menu_order":11,"comment_status":"closed","ping_status":"closed","template":"","meta":{"ngg_post_thumbnail":0,"footnotes":""},"class_list":["post-24","page","type-page","status-publish","hentry"],"yoast_head":"<!-- This site is optimized with the Yoast SEO plugin v27.4 - https:\/\/yoast.com\/product\/yoast-seo-wordpress\/ -->\n<title>Zarz\u0105d Ko\u0142a - Wojskowe Ko\u0142o \u0141owieckie nr 297 &quot;Diana&quot; w Gdyni<\/title>\n<meta name=\"robots\" content=\"index, follow, max-snippet:-1, max-image-preview:large, max-video-preview:-1\" \/>\n<link rel=\"canonical\" href=\"https:\/\/wkldiana.pl\/index.php\/zarzad\/\" \/>\n<meta property=\"og:locale\" content=\"pl_PL\" \/>\n<meta property=\"og:type\" content=\"article\" \/>\n<meta property=\"og:title\" content=\"Zarz\u0105d Ko\u0142a - Wojskowe Ko\u0142o \u0141owieckie nr 297 &quot;Diana&quot; w Gdyni\" \/>\n<meta property=\"og:description\" content=\"WK\u0141 NR 297 &#8222;DIANA&#8221; Cz\u0142onkowie zarz\u0105du: Prezes Ko\u0142a &#8211; Antoni Do\u0142\u0119ga&nbsp; \u0141owczy Ko\u0142a &#8211; \u0141ukasz Szadura&nbsp; Skarbnik Ko\u0142a &#8211; Artur Pyczka&nbsp; Sekretarz Ko\u0142a &#8211; Marek Funk&nbsp; Komisja Rewizyjna: Przewodnicz\u0105cy &#8211; Edward W\u00f3jcik&nbsp; Cz\u0142onkowie: Jerzy Warszewski Piotr Greca Stra\u017cnicy \u0142owieccy: Antoni Do\u0142\u0119ga \u0141ukasz Szadura Artur Pyczka &nbsp; &nbsp;\" \/>\n<meta property=\"og:url\" content=\"https:\/\/wkldiana.pl\/index.php\/zarzad\/\" \/>\n<meta property=\"og:site_name\" content=\"Wojskowe Ko\u0142o \u0141owieckie nr 297 &quot;Diana&quot; w Gdyni\" \/>\n<meta property=\"article:modified_time\" content=\"2019-07-08T17:48:27+00:00\" \/>\n<meta name=\"twitter:card\" content=\"summary_large_image\" \/>\n<script type=\"application\/ld+json\" class=\"yoast-schema-graph\">{\"@context\":\"https:\\\/\\\/schema.org\",\"@graph\":[{\"@type\":\"WebPage\",\"@id\":\"https:\\\/\\\/wkldiana.pl\\\/index.php\\\/zarzad\\\/\",\"url\":\"https:\\\/\\\/wkldiana.pl\\\/index.php\\\/zarzad\\\/\",\"name\":\"Zarz\u0105d Ko\u0142a - Wojskowe Ko\u0142o \u0141owieckie nr 297 &quot;Diana&quot; w Gdyni\",\"isPartOf\":{\"@id\":\"https:\\\/\\\/wkldiana.pl\\\/#website\"},\"datePublished\":\"2017-12-09T13:42:39+00:00\",\"dateModified\":\"2019-07-08T17:48:27+00:00\",\"breadcrumb\":{\"@id\":\"https:\\\/\\\/wkldiana.pl\\\/index.php\\\/zarzad\\\/#breadcrumb\"},\"inLanguage\":\"pl-PL\",\"potentialAction\":[{\"@type\":\"ReadAction\",\"target\":[\"https:\\\/\\\/wkldiana.pl\\\/index.php\\\/zarzad\\\/\"]}]},{\"@type\":\"BreadcrumbList\",\"@id\":\"https:\\\/\\\/wkldiana.pl\\\/index.php\\\/zarzad\\\/#breadcrumb\",\"itemListElement\":[{\"@type\":\"ListItem\",\"position\":1,\"name\":\"Strona g\u0142\u00f3wna\",\"item\":\"https:\\\/\\\/wkldiana.pl\\\/\"},{\"@type\":\"ListItem\",\"position\":2,\"name\":\"Zarz\u0105d Ko\u0142a\"}]},{\"@type\":\"WebSite\",\"@id\":\"https:\\\/\\\/wkldiana.pl\\\/#website\",\"url\":\"https:\\\/\\\/wkldiana.pl\\\/\",\"name\":\"Wojskowe Ko\u0142o \u0141owieckie nr 297 &quot;Diana&quot; w Gdyni\",\"description\":\"WK\u0141 nr 297 &quot;Diana&quot; w Gdyni\",\"potentialAction\":[{\"@type\":\"SearchAction\",\"target\":{\"@type\":\"EntryPoint\",\"urlTemplate\":\"https:\\\/\\\/wkldiana.pl\\\/?s={search_term_string}\"},\"query-input\":{\"@type\":\"PropertyValueSpecification\",\"valueRequired\":true,\"valueName\":\"search_term_string\"}}],\"inLanguage\":\"pl-PL\"}]}<\/script>\n<!-- \/ Yoast SEO plugin. -->","yoast_head_json":{"title":"Zarz\u0105d Ko\u0142a - Wojskowe Ko\u0142o \u0141owieckie nr 297 &quot;Diana&quot; w Gdyni","robots":{"index":"index","follow":"follow","max-snippet":"max-snippet:-1","max-image-preview":"max-image-preview:large","max-video-preview":"max-video-preview:-1"},"canonical":"https:\/\/wkldiana.pl\/index.php\/zarzad\/","og_locale":"pl_PL","og_type":"article","og_title":"Zarz\u0105d Ko\u0142a - Wojskowe Ko\u0142o \u0141owieckie nr 297 &quot;Diana&quot; w Gdyni","og_description":"WK\u0141 NR 297 &#8222;DIANA&#8221; Cz\u0142onkowie zarz\u0105du: Prezes Ko\u0142a &#8211; Antoni Do\u0142\u0119ga&nbsp; \u0141owczy Ko\u0142a &#8211; \u0141ukasz Szadura&nbsp; Skarbnik Ko\u0142a &#8211; Artur Pyczka&nbsp; Sekretarz Ko\u0142a &#8211; Marek Funk&nbsp; Komisja Rewizyjna: Przewodnicz\u0105cy &#8211; Edward W\u00f3jcik&nbsp; Cz\u0142onkowie: Jerzy Warszewski Piotr Greca Stra\u017cnicy \u0142owieccy: Antoni Do\u0142\u0119ga \u0141ukasz Szadura Artur Pyczka &nbsp; &nbsp;","og_url":"https:\/\/wkldiana.pl\/index.php\/zarzad\/","og_site_name":"Wojskowe Ko\u0142o \u0141owieckie nr 297 &quot;Diana&quot; w Gdyni","article_modified_time":"2019-07-08T17:48:27+00:00","twitter_card":"summary_large_image","schema":{"@context":"https:\/\/schema.org","@graph":[{"@type":"WebPage","@id":"https:\/\/wkldiana.pl\/index.php\/zarzad\/","url":"https:\/\/wkldiana.pl\/index.php\/zarzad\/","name":"Zarz\u0105d Ko\u0142a - Wojskowe Ko\u0142o \u0141owieckie nr 297 &quot;Diana&quot; w Gdyni","isPartOf":{"@id":"https:\/\/wkldiana.pl\/#website"},"datePublished":"2017-12-09T13:42:39+00:00","dateModified":"2019-07-08T17:48:27+00:00","breadcrumb":{"@id":"https:\/\/wkldiana.pl\/index.php\/zarzad\/#breadcrumb"},"inLanguage":"pl-PL","potentialAction":[{"@type":"ReadAction","target":["https:\/\/wkldiana.pl\/index.php\/zarzad\/"]}]},{"@type":"BreadcrumbList","@id":"https:\/\/wkldiana.pl\/index.php\/zarzad\/#breadcrumb","itemListElement":[{"@type":"ListItem","position":1,"name":"Strona g\u0142\u00f3wna","item":"https:\/\/wkldiana.pl\/"},{"@type":"ListItem","position":2,"name":"Zarz\u0105d Ko\u0142a"}]},{"@type":"WebSite","@id":"https:\/\/wkldiana.pl\/#website","url":"https:\/\/wkldiana.pl\/","name":"Wojskowe Ko\u0142o \u0141owieckie nr 297 &quot;Diana&quot; w Gdyni","description":"WK\u0141 nr 297 &quot;Diana&quot; w Gdyni","potentialAction":[{"@type":"SearchAction","target":{"@type":"EntryPoint","urlTemplate":"https:\/\/wkldiana.pl\/?s={search_term_string}"},"query-input":{"@type":"PropertyValueSpecification","valueRequired":true,"valueName":"search_term_string"}}],"inLanguage":"pl-PL"}]}},"_links":{"self":[{"href":"http:\/\/wkldiana.pl\/index.php\/wp-json\/wp\/v2\/pages\/24","targetHints":{"allow":["GET"]}}],"collection":[{"href":"http:\/\/wkldiana.pl\/index.php\/wp-json\/wp\/v2\/pages"}],"about":[{"href":"http:\/\/wkldiana.pl\/index.php\/wp-json\/wp\/v2\/types\/page"}],"author":[{"embeddable":true,"href":"http:\/\/wkldiana.pl\/index.php\/wp-json\/wp\/v2\/users\/1"}],"replies":[{"embeddable":true,"href":"http:\/\/wkldiana.pl\/index.php\/wp-json\/wp\/v2\/comments?post=24"}],"version-history":[{"count":8,"href":"http:\/\/wkldiana.pl\/index.php\/wp-json\/wp\/v2\/pages\/24\/revisions"}],"predecessor-version":[{"id":1141,"href":"http:\/\/wkldiana.pl\/index.php\/wp-json\/wp\/v2\/pages\/24\/revisions\/1141"}],"wp:attachment":[{"href":"http:\/\/wkldiana.pl\/index.php\/wp-json\/wp\/v2\/media?parent=24"}],"curies":[{"name":"wp","href":"https:\/\/api.w.org\/{rel}","templated":true}]}}